{"id":84,"date":"2024-09-27T12:19:39","date_gmt":"2024-09-27T10:19:39","guid":{"rendered":"https:\/\/notre-dame-en-france.com\/?page_id=84"},"modified":"2024-09-28T18:21:03","modified_gmt":"2024-09-28T16:21:03","slug":"carte-des-lieux-saints","status":"publish","type":"page","link":"https:\/\/notre-dame-en-france.com\/index.php\/carte-des-lieux-saints\/","title":{"rendered":"Carte des lieux"},"content":{"rendered":"\t\t<div data-elementor-type=\"wp-page\" data-elementor-id=\"84\" class=\"elementor elementor-84\">\n\t\t\t\t<div class=\"elementor-element elementor-element-a5bfe52 e-flex e-con-boxed e-con e-parent\" data-id=\"a5bfe52\" data-element_type=\"container\" data-e-type=\"container\">\n\t\t\t\t\t<div class=\"e-con-inner\">\n\t\t\t\t<div class=\"elementor-element elementor-element-02cd50e elementor-widget elementor-widget-heading\" data-id=\"02cd50e\" data-element_type=\"widget\" data-e-type=\"widget\" data-widget_type=\"heading.default\">\n\t\t\t\t<div class=\"elementor-widget-container\">\n\t\t\t\t\t<h2 class=\"elementor-heading-title elementor-size-default\">Voici la carte des lieux d\u00e9di\u00e9s \u00e0 la tr\u00e8s Sainte Vierge Marie et aux Saints et Martyrs<\/h2>\t\t\t\t<\/div>\n\t\t\t\t<\/div>\n\t\t\t\t\t<\/div>\n\t\t\t\t<\/div>\n\t\t<div class=\"elementor-element elementor-element-12c0a8f e-flex e-con-boxed e-con e-parent\" data-id=\"12c0a8f\" data-element_type=\"container\" data-e-type=\"container\">\n\t\t\t\t\t<div class=\"e-con-inner\">\n\t\t\t\t<div class=\"elementor-element elementor-element-e2cba9c elementor-widget elementor-widget-text-editor\" data-id=\"e2cba9c\" data-element_type=\"widget\" data-e-type=\"widget\" data-widget_type=\"text-editor.default\">\n\t\t\t\t<div class=\"elementor-widget-container\">\n\t\t\t\t\t\t\t\t\t<p><em>Vous pouvez m&rsquo;aider \u00e0 compl\u00e9ter cette carte en m&rsquo;\u00e9crivant \u00e0 <a href=\"mailto:contact@notre-dame-en-france.com\">contact@notre-dame-en-france.com<\/a><\/em><\/p>\t\t\t\t\t\t\t\t<\/div>\n\t\t\t\t<\/div>\n\t\t\t\t\t<\/div>\n\t\t\t\t<\/div>\n\t\t<div class=\"elementor-element elementor-element-07275e6 e-con-full e-flex e-con e-parent\" data-id=\"07275e6\" data-element_type=\"container\" data-e-type=\"container\">\n\t\t\t\t<div class=\"elementor-element elementor-element-e797cf1 elementor-widget elementor-widget-html\" data-id=\"e797cf1\" data-element_type=\"widget\" data-e-type=\"widget\" data-widget_type=\"html.default\">\n\t\t\t\t<div class=\"elementor-widget-container\">\n\t\t\t\t\t<iframe src=\"https:\/\/www.google.com\/maps\/d\/embed?mid=1KfCZ2p5e0oQMGMl_04FJc9njQ1P7x6E&ehbc=2E312F&noprof=1\" width=\"640\" height=\"480\"><\/iframe>\t\t\t\t<\/div>\n\t\t\t\t<\/div>\n\t\t\t\t<\/div>\n\t\t<div class=\"elementor-element elementor-element-241afc2 e-flex e-con-boxed e-con e-parent\" data-id=\"241afc2\" data-element_type=\"container\" data-e-type=\"container\">\n\t\t\t\t\t<div class=\"e-con-inner\">\n\t\t\t\t<div class=\"elementor-element elementor-element-038ef45 elementor-widget elementor-widget-text-editor\" data-id=\"038ef45\" data-element_type=\"widget\" data-e-type=\"widget\" data-widget_type=\"text-editor.default\">\n\t\t\t\t<div class=\"elementor-widget-container\">\n\t\t\t\t\t\t\t\t\t<p><i>Pour lire les messages de la Tr\u00e8s Sainte Vierge vous pouvez cliquer&nbsp;<a href=\"https:\/\/notre-dame-en-france.com\/index.php\/messages\/\" target=\"_blank\">ici<\/a>&nbsp;ou&nbsp;<a href=\"https:\/\/laportelatine.org\/apparitions\" target=\"_blank\">ici<\/a>.&nbsp;<\/i><\/p>\t\t\t\t\t\t\t\t<\/div>\n\t\t\t\t<\/div>\n\t\t\t\t\t<\/div>\n\t\t\t\t<\/div>\n\t\t\t\t<\/div>\n\t\t","protected":false},"excerpt":{"rendered":"<p>Voici la carte des lieux d\u00e9di\u00e9s \u00e0 la tr\u00e8s Sainte Vierge Marie et aux Saints et Martyrs Vous pouvez m&rsquo;aider \u00e0 compl\u00e9ter cette carte en m&rsquo;\u00e9crivant \u00e0 contact@notre-dame-en-france.com Pour lire les messages de la Tr\u00e8s Sainte Vierge vous pouvez cliquer&nbsp;ici&nbsp;ou&nbsp;ici.&nbsp;<\/p>\n","protected":false},"author":1,"featured_media":0,"parent":0,"menu_order":0,"comment_status":"closed","ping_status":"closed","template":"elementor_header_footer","meta":{"iawp_total_views":164,"footnotes":""},"class_list":["post-84","page","type-page","status-publish","hentry","entry"],"yoast_head":"<!-- This site is optimized with the Yoast SEO plugin v27.4 - https:\/\/yoast.com\/product\/yoast-seo-wordpress\/ -->\n<title>Lieux Saints en France : La carte des lieux<\/title>\n<meta name=\"description\" content=\"Cliquez ici pour voir la carte des Apparitions Mariales et des lieux Saints en France. La Salette, Lourdes, Mont Saint Michel, etc...\" \/>\n<meta name=\"robots\" content=\"index, follow, max-snippet:-1, max-image-preview:large, max-video-preview:-1\" \/>\n<link rel=\"canonical\" href=\"https:\/\/notre-dame-en-france.com\/index.php\/carte-des-lieux-saints\/\" \/>\n<meta property=\"og:locale\" content=\"fr_FR\" \/>\n<meta property=\"og:type\" content=\"article\" \/>\n<meta property=\"og:title\" content=\"Notre Dame en France\" \/>\n<meta property=\"og:description\" content=\"Cliquez ici pour voir la carte des Apparitions Mariales et des lieux Saints en France. La Salette, Lourdes, Mont Saint Michel, etc...\" \/>\n<meta property=\"og:url\" content=\"https:\/\/notre-dame-en-france.com\/index.php\/carte-des-lieux-saints\/\" \/>\n<meta property=\"og:site_name\" content=\"Notre Dame en France\" \/>\n<meta property=\"article:modified_time\" content=\"2024-09-28T16:21:03+00:00\" \/>\n<meta property=\"og:image\" content=\"http:\/\/notre-dame-en-france.com\/wp-content\/uploads\/2024\/09\/carte-1.png\" \/>\n\t<meta property=\"og:image:width\" content=\"455\" \/>\n\t<meta property=\"og:image:height\" content=\"452\" \/>\n\t<meta property=\"og:image:type\" content=\"image\/png\" \/>\n<meta name=\"twitter:card\" content=\"summary_large_image\" \/>\n<meta name=\"twitter:label1\" content=\"Dur\u00e9e de lecture estim\u00e9e\" \/>\n\t<meta name=\"twitter:data1\" content=\"1 minute\" \/>\n<script type=\"application\/ld+json\" class=\"yoast-schema-graph\">{\"@context\":\"https:\\\/\\\/schema.org\",\"@graph\":[{\"@type\":\"WebPage\",\"@id\":\"https:\\\/\\\/notre-dame-en-france.com\\\/index.php\\\/carte-des-lieux-saints\\\/\",\"url\":\"https:\\\/\\\/notre-dame-en-france.com\\\/index.php\\\/carte-des-lieux-saints\\\/\",\"name\":\"Lieux Saints en France : La carte des lieux\",\"isPartOf\":{\"@id\":\"https:\\\/\\\/notre-dame-en-france.com\\\/#website\"},\"datePublished\":\"2024-09-27T10:19:39+00:00\",\"dateModified\":\"2024-09-28T16:21:03+00:00\",\"description\":\"Cliquez ici pour voir la carte des Apparitions Mariales et des lieux Saints en France. La Salette, Lourdes, Mont Saint Michel, etc...\",\"breadcrumb\":{\"@id\":\"https:\\\/\\\/notre-dame-en-france.com\\\/index.php\\\/carte-des-lieux-saints\\\/#breadcrumb\"},\"inLanguage\":\"fr-FR\",\"potentialAction\":[{\"@type\":\"ReadAction\",\"target\":[\"https:\\\/\\\/notre-dame-en-france.com\\\/index.php\\\/carte-des-lieux-saints\\\/\"]}]},{\"@type\":\"BreadcrumbList\",\"@id\":\"https:\\\/\\\/notre-dame-en-france.com\\\/index.php\\\/carte-des-lieux-saints\\\/#breadcrumb\",\"itemListElement\":[{\"@type\":\"ListItem\",\"position\":1,\"name\":\"Accueil\",\"item\":\"https:\\\/\\\/notre-dame-en-france.com\\\/\"},{\"@type\":\"ListItem\",\"position\":2,\"name\":\"Carte des lieux\"}]},{\"@type\":\"WebSite\",\"@id\":\"https:\\\/\\\/notre-dame-en-france.com\\\/#website\",\"url\":\"https:\\\/\\\/notre-dame-en-france.com\\\/\",\"name\":\"Notre Dame en France\",\"description\":\"\",\"publisher\":{\"@id\":\"https:\\\/\\\/notre-dame-en-france.com\\\/#organization\"},\"potentialAction\":[{\"@type\":\"SearchAction\",\"target\":{\"@type\":\"EntryPoint\",\"urlTemplate\":\"https:\\\/\\\/notre-dame-en-france.com\\\/?s={search_term_string}\"},\"query-input\":{\"@type\":\"PropertyValueSpecification\",\"valueRequired\":true,\"valueName\":\"search_term_string\"}}],\"inLanguage\":\"fr-FR\"},{\"@type\":\"Organization\",\"@id\":\"https:\\\/\\\/notre-dame-en-france.com\\\/#organization\",\"name\":\"Notre Dame en France\",\"url\":\"https:\\\/\\\/notre-dame-en-france.com\\\/\",\"logo\":{\"@type\":\"ImageObject\",\"inLanguage\":\"fr-FR\",\"@id\":\"https:\\\/\\\/notre-dame-en-france.com\\\/#\\\/schema\\\/logo\\\/image\\\/\",\"url\":\"http:\\\/\\\/notre-dame-en-france.com\\\/wp-content\\\/uploads\\\/2024\\\/09\\\/logo-512x512-1.png\",\"contentUrl\":\"http:\\\/\\\/notre-dame-en-france.com\\\/wp-content\\\/uploads\\\/2024\\\/09\\\/logo-512x512-1.png\",\"width\":512,\"height\":512,\"caption\":\"Notre Dame en France\"},\"image\":{\"@id\":\"https:\\\/\\\/notre-dame-en-france.com\\\/#\\\/schema\\\/logo\\\/image\\\/\"}}]}<\/script>\n<!-- \/ Yoast SEO plugin. -->","yoast_head_json":{"title":"Lieux Saints en France : La carte des lieux","description":"Cliquez ici pour voir la carte des Apparitions Mariales et des lieux Saints en France. La Salette, Lourdes, Mont Saint Michel, etc...","robots":{"index":"index","follow":"follow","max-snippet":"max-snippet:-1","max-image-preview":"max-image-preview:large","max-video-preview":"max-video-preview:-1"},"canonical":"https:\/\/notre-dame-en-france.com\/index.php\/carte-des-lieux-saints\/","og_locale":"fr_FR","og_type":"article","og_title":"Notre Dame en France","og_description":"Cliquez ici pour voir la carte des Apparitions Mariales et des lieux Saints en France. La Salette, Lourdes, Mont Saint Michel, etc...","og_url":"https:\/\/notre-dame-en-france.com\/index.php\/carte-des-lieux-saints\/","og_site_name":"Notre Dame en France","article_modified_time":"2024-09-28T16:21:03+00:00","og_image":[{"width":455,"height":452,"url":"http:\/\/notre-dame-en-france.com\/wp-content\/uploads\/2024\/09\/carte-1.png","type":"image\/png"}],"twitter_card":"summary_large_image","twitter_misc":{"Dur\u00e9e de lecture estim\u00e9e":"1 minute"},"schema":{"@context":"https:\/\/schema.org","@graph":[{"@type":"WebPage","@id":"https:\/\/notre-dame-en-france.com\/index.php\/carte-des-lieux-saints\/","url":"https:\/\/notre-dame-en-france.com\/index.php\/carte-des-lieux-saints\/","name":"Lieux Saints en France : La carte des lieux","isPartOf":{"@id":"https:\/\/notre-dame-en-france.com\/#website"},"datePublished":"2024-09-27T10:19:39+00:00","dateModified":"2024-09-28T16:21:03+00:00","description":"Cliquez ici pour voir la carte des Apparitions Mariales et des lieux Saints en France. La Salette, Lourdes, Mont Saint Michel, etc...","breadcrumb":{"@id":"https:\/\/notre-dame-en-france.com\/index.php\/carte-des-lieux-saints\/#breadcrumb"},"inLanguage":"fr-FR","potentialAction":[{"@type":"ReadAction","target":["https:\/\/notre-dame-en-france.com\/index.php\/carte-des-lieux-saints\/"]}]},{"@type":"BreadcrumbList","@id":"https:\/\/notre-dame-en-france.com\/index.php\/carte-des-lieux-saints\/#breadcrumb","itemListElement":[{"@type":"ListItem","position":1,"name":"Accueil","item":"https:\/\/notre-dame-en-france.com\/"},{"@type":"ListItem","position":2,"name":"Carte des lieux"}]},{"@type":"WebSite","@id":"https:\/\/notre-dame-en-france.com\/#website","url":"https:\/\/notre-dame-en-france.com\/","name":"Notre Dame en France","description":"","publisher":{"@id":"https:\/\/notre-dame-en-france.com\/#organization"},"potentialAction":[{"@type":"SearchAction","target":{"@type":"EntryPoint","urlTemplate":"https:\/\/notre-dame-en-france.com\/?s={search_term_string}"},"query-input":{"@type":"PropertyValueSpecification","valueRequired":true,"valueName":"search_term_string"}}],"inLanguage":"fr-FR"},{"@type":"Organization","@id":"https:\/\/notre-dame-en-france.com\/#organization","name":"Notre Dame en France","url":"https:\/\/notre-dame-en-france.com\/","logo":{"@type":"ImageObject","inLanguage":"fr-FR","@id":"https:\/\/notre-dame-en-france.com\/#\/schema\/logo\/image\/","url":"http:\/\/notre-dame-en-france.com\/wp-content\/uploads\/2024\/09\/logo-512x512-1.png","contentUrl":"http:\/\/notre-dame-en-france.com\/wp-content\/uploads\/2024\/09\/logo-512x512-1.png","width":512,"height":512,"caption":"Notre Dame en France"},"image":{"@id":"https:\/\/notre-dame-en-france.com\/#\/schema\/logo\/image\/"}}]}},"_links":{"self":[{"href":"https:\/\/notre-dame-en-france.com\/index.php\/wp-json\/wp\/v2\/pages\/84","targetHints":{"allow":["GET"]}}],"collection":[{"href":"https:\/\/notre-dame-en-france.com\/index.php\/wp-json\/wp\/v2\/pages"}],"about":[{"href":"https:\/\/notre-dame-en-france.com\/index.php\/wp-json\/wp\/v2\/types\/page"}],"author":[{"embeddable":true,"href":"https:\/\/notre-dame-en-france.com\/index.php\/wp-json\/wp\/v2\/users\/1"}],"replies":[{"embeddable":true,"href":"https:\/\/notre-dame-en-france.com\/index.php\/wp-json\/wp\/v2\/comments?post=84"}],"version-history":[{"count":34,"href":"https:\/\/notre-dame-en-france.com\/index.php\/wp-json\/wp\/v2\/pages\/84\/revisions"}],"predecessor-version":[{"id":304,"href":"https:\/\/notre-dame-en-france.com\/index.php\/wp-json\/wp\/v2\/pages\/84\/revisions\/304"}],"wp:attachment":[{"href":"https:\/\/notre-dame-en-france.com\/index.php\/wp-json\/wp\/v2\/media?parent=84"}],"curies":[{"name":"wp","href":"https:\/\/api.w.org\/{rel}","templated":true}]}}